{"id":14,"date":"2022-10-14T07:33:48","date_gmt":"2022-10-14T07:33:48","guid":{"rendered":"https:\/\/wp.die-autoschmiede.eu\/?page_id=14"},"modified":"2022-10-14T11:36:05","modified_gmt":"2022-10-14T11:36:05","slug":"ueber-uns","status":"publish","type":"page","link":"https:\/\/wp.die-autoschmiede.eu\/index.php\/ueber-uns\/","title":{"rendered":"\u00dcber uns"},"content":{"rendered":"\n<p>M\u00f6glicherweise bist du k\u00fcnstlerisch t\u00e4tig und m\u00f6chtest dich und deine Arbeiten hier vorstellen. Oder hast du vielleicht ein Business mit einer Mission, die es zu beschreiben gilt?<\/p>\n","protected":false},"excerpt":{"rendered":"<p>M\u00f6glicherweise bist du k\u00fcnstlerisch t\u00e4tig und m\u00f6chtest dich und deine Arbeiten hier vorstellen. Oder hast du vielleicht ein Business mit einer Mission, die es zu beschreiben gilt?<\/p>\n","protected":false},"author":1,"featured_media":52,"parent":0,"menu_order":0,"comment_status":"closed","ping_status":"closed","template":"","meta":{"inline_featured_image":false,"footnotes":""},"class_list":["post-14","page","type-page","status-publish","has-post-thumbnail","hentry"],"yoast_head":"<!-- This site is optimized with the Yoast SEO plugin v19.8 - https:\/\/yoast.com\/wordpress\/plugins\/seo\/ -->\n<title>\u00dcber uns - Die Autoschmiede<\/title>\n<meta name=\"robots\" content=\"index, follow, max-snippet:-1, max-image-preview:large, max-video-preview:-1\" \/>\n<link rel=\"canonical\" href=\"https:\/\/wp.die-autoschmiede.eu\/index.php\/ueber-uns\/\" \/>\n<meta property=\"og:locale\" content=\"de_DE\" \/>\n<meta property=\"og:type\" content=\"article\" \/>\n<meta property=\"og:title\" content=\"\u00dcber uns - Die Autoschmiede\" \/>\n<meta property=\"og:description\" content=\"M\u00f6glicherweise bist du k\u00fcnstlerisch t\u00e4tig und m\u00f6chtest dich und deine Arbeiten hier vorstellen. Oder hast du vielleicht ein Business mit einer Mission, die es zu beschreiben gilt?\" \/>\n<meta property=\"og:url\" content=\"https:\/\/wp.die-autoschmiede.eu\/index.php\/ueber-uns\/\" \/>\n<meta property=\"og:site_name\" content=\"Die Autoschmiede\" \/>\n<meta property=\"article:modified_time\" content=\"2022-10-14T11:36:05+00:00\" \/>\n<meta property=\"og:image\" content=\"https:\/\/wp.die-autoschmiede.eu\/wp-content\/uploads\/2022\/10\/MG_6253-scaled-e1665747355918.jpg\" \/>\n\t<meta property=\"og:image:width\" content=\"2560\" \/>\n\t<meta property=\"og:image:height\" content=\"1779\" \/>\n\t<meta property=\"og:image:type\" content=\"image\/jpeg\" \/>\n<meta name=\"twitter:card\" content=\"summary_large_image\" \/>\n<meta name=\"twitter:label1\" content=\"Gesch\u00e4tzte Lesezeit\" \/>\n\t<meta name=\"twitter:data1\" content=\"1\u00a0Minute\" \/>\n<script type=\"application\/ld+json\" class=\"yoast-schema-graph\">{\"@context\":\"https:\/\/schema.org\",\"@graph\":[{\"@type\":\"WebPage\",\"@id\":\"https:\/\/wp.die-autoschmiede.eu\/index.php\/ueber-uns\/\",\"url\":\"https:\/\/wp.die-autoschmiede.eu\/index.php\/ueber-uns\/\",\"name\":\"\u00dcber uns - Die Autoschmiede\",\"isPartOf\":{\"@id\":\"https:\/\/wp.die-autoschmiede.eu\/#website\"},\"datePublished\":\"2022-10-14T07:33:48+00:00\",\"dateModified\":\"2022-10-14T11:36:05+00:00\",\"breadcrumb\":{\"@id\":\"https:\/\/wp.die-autoschmiede.eu\/index.php\/ueber-uns\/#breadcrumb\"},\"inLanguage\":\"de\",\"potentialAction\":[{\"@type\":\"ReadAction\",\"target\":[\"https:\/\/wp.die-autoschmiede.eu\/index.php\/ueber-uns\/\"]}]},{\"@type\":\"BreadcrumbList\",\"@id\":\"https:\/\/wp.die-autoschmiede.eu\/index.php\/ueber-uns\/#breadcrumb\",\"itemListElement\":[{\"@type\":\"ListItem\",\"position\":1,\"name\":\"Startseite\",\"item\":\"https:\/\/wp.die-autoschmiede.eu\/\"},{\"@type\":\"ListItem\",\"position\":2,\"name\":\"\u00dcber uns\"}]},{\"@type\":\"WebSite\",\"@id\":\"https:\/\/wp.die-autoschmiede.eu\/#website\",\"url\":\"https:\/\/wp.die-autoschmiede.eu\/\",\"name\":\"Die Autoschmiede\",\"description\":\"Just another WordPress site\",\"publisher\":{\"@id\":\"https:\/\/wp.die-autoschmiede.eu\/#organization\"},\"potentialAction\":[{\"@type\":\"SearchAction\",\"target\":{\"@type\":\"EntryPoint\",\"urlTemplate\":\"https:\/\/wp.die-autoschmiede.eu\/?s={search_term_string}\"},\"query-input\":\"required name=search_term_string\"}],\"inLanguage\":\"de\"},{\"@type\":\"Organization\",\"@id\":\"https:\/\/wp.die-autoschmiede.eu\/#organization\",\"name\":\"Die Autoschmiede\",\"url\":\"https:\/\/wp.die-autoschmiede.eu\/\",\"sameAs\":[],\"logo\":{\"@type\":\"ImageObject\",\"inLanguage\":\"de\",\"@id\":\"https:\/\/wp.die-autoschmiede.eu\/#\/schema\/logo\/image\/\",\"url\":\"https:\/\/wp.die-autoschmiede.eu\/wp-content\/uploads\/2022\/10\/cropped-Die-Autoschmiede-Logo.png\",\"contentUrl\":\"https:\/\/wp.die-autoschmiede.eu\/wp-content\/uploads\/2022\/10\/cropped-Die-Autoschmiede-Logo.png\",\"width\":1190,\"height\":250,\"caption\":\"Die Autoschmiede\"},\"image\":{\"@id\":\"https:\/\/wp.die-autoschmiede.eu\/#\/schema\/logo\/image\/\"}}]}<\/script>\n<!-- \/ Yoast SEO plugin. -->","yoast_head_json":{"title":"\u00dcber uns - Die Autoschmiede","robots":{"index":"index","follow":"follow","max-snippet":"max-snippet:-1","max-image-preview":"max-image-preview:large","max-video-preview":"max-video-preview:-1"},"canonical":"https:\/\/wp.die-autoschmiede.eu\/index.php\/ueber-uns\/","og_locale":"de_DE","og_type":"article","og_title":"\u00dcber uns - Die Autoschmiede","og_description":"M\u00f6glicherweise bist du k\u00fcnstlerisch t\u00e4tig und m\u00f6chtest dich und deine Arbeiten hier vorstellen. Oder hast du vielleicht ein Business mit einer Mission, die es zu beschreiben gilt?","og_url":"https:\/\/wp.die-autoschmiede.eu\/index.php\/ueber-uns\/","og_site_name":"Die Autoschmiede","article_modified_time":"2022-10-14T11:36:05+00:00","og_image":[{"width":2560,"height":1779,"url":"https:\/\/wp.die-autoschmiede.eu\/wp-content\/uploads\/2022\/10\/MG_6253-scaled-e1665747355918.jpg","type":"image\/jpeg"}],"twitter_card":"summary_large_image","twitter_misc":{"Gesch\u00e4tzte Lesezeit":"1\u00a0Minute"},"schema":{"@context":"https:\/\/schema.org","@graph":[{"@type":"WebPage","@id":"https:\/\/wp.die-autoschmiede.eu\/index.php\/ueber-uns\/","url":"https:\/\/wp.die-autoschmiede.eu\/index.php\/ueber-uns\/","name":"\u00dcber uns - Die Autoschmiede","isPartOf":{"@id":"https:\/\/wp.die-autoschmiede.eu\/#website"},"datePublished":"2022-10-14T07:33:48+00:00","dateModified":"2022-10-14T11:36:05+00:00","breadcrumb":{"@id":"https:\/\/wp.die-autoschmiede.eu\/index.php\/ueber-uns\/#breadcrumb"},"inLanguage":"de","potentialAction":[{"@type":"ReadAction","target":["https:\/\/wp.die-autoschmiede.eu\/index.php\/ueber-uns\/"]}]},{"@type":"BreadcrumbList","@id":"https:\/\/wp.die-autoschmiede.eu\/index.php\/ueber-uns\/#breadcrumb","itemListElement":[{"@type":"ListItem","position":1,"name":"Startseite","item":"https:\/\/wp.die-autoschmiede.eu\/"},{"@type":"ListItem","position":2,"name":"\u00dcber uns"}]},{"@type":"WebSite","@id":"https:\/\/wp.die-autoschmiede.eu\/#website","url":"https:\/\/wp.die-autoschmiede.eu\/","name":"Die Autoschmiede","description":"Just another WordPress site","publisher":{"@id":"https:\/\/wp.die-autoschmiede.eu\/#organization"},"potentialAction":[{"@type":"SearchAction","target":{"@type":"EntryPoint","urlTemplate":"https:\/\/wp.die-autoschmiede.eu\/?s={search_term_string}"},"query-input":"required name=search_term_string"}],"inLanguage":"de"},{"@type":"Organization","@id":"https:\/\/wp.die-autoschmiede.eu\/#organization","name":"Die Autoschmiede","url":"https:\/\/wp.die-autoschmiede.eu\/","sameAs":[],"logo":{"@type":"ImageObject","inLanguage":"de","@id":"https:\/\/wp.die-autoschmiede.eu\/#\/schema\/logo\/image\/","url":"https:\/\/wp.die-autoschmiede.eu\/wp-content\/uploads\/2022\/10\/cropped-Die-Autoschmiede-Logo.png","contentUrl":"https:\/\/wp.die-autoschmiede.eu\/wp-content\/uploads\/2022\/10\/cropped-Die-Autoschmiede-Logo.png","width":1190,"height":250,"caption":"Die Autoschmiede"},"image":{"@id":"https:\/\/wp.die-autoschmiede.eu\/#\/schema\/logo\/image\/"}}]}},"_links":{"self":[{"href":"https:\/\/wp.die-autoschmiede.eu\/index.php\/wp-json\/wp\/v2\/pages\/14","targetHints":{"allow":["GET"]}}],"collection":[{"href":"https:\/\/wp.die-autoschmiede.eu\/index.php\/wp-json\/wp\/v2\/pages"}],"about":[{"href":"https:\/\/wp.die-autoschmiede.eu\/index.php\/wp-json\/wp\/v2\/types\/page"}],"author":[{"embeddable":true,"href":"https:\/\/wp.die-autoschmiede.eu\/index.php\/wp-json\/wp\/v2\/users\/1"}],"replies":[{"embeddable":true,"href":"https:\/\/wp.die-autoschmiede.eu\/index.php\/wp-json\/wp\/v2\/comments?post=14"}],"version-history":[{"count":1,"href":"https:\/\/wp.die-autoschmiede.eu\/index.php\/wp-json\/wp\/v2\/pages\/14\/revisions"}],"predecessor-version":[{"id":20,"href":"https:\/\/wp.die-autoschmiede.eu\/index.php\/wp-json\/wp\/v2\/pages\/14\/revisions\/20"}],"wp:featuredmedia":[{"embeddable":true,"href":"https:\/\/wp.die-autoschmiede.eu\/index.php\/wp-json\/wp\/v2\/media\/52"}],"wp:attachment":[{"href":"https:\/\/wp.die-autoschmiede.eu\/index.php\/wp-json\/wp\/v2\/media?parent=14"}],"curies":[{"name":"wp","href":"https:\/\/api.w.org\/{rel}","templated":true}]}}